{"id":14,"date":"2022-04-19T15:38:44","date_gmt":"2022-04-19T18:38:44","guid":{"rendered":"http:\/\/restaurante.codewalker.com.br\/?page_id=14"},"modified":"2022-04-25T02:14:34","modified_gmt":"2022-04-25T05:14:34","slug":"noticias","status":"publish","type":"page","link":"https:\/\/restaurante.codewalker.com.br\/index.php\/noticias\/","title":{"rendered":"Not\u00edcias"},"content":{"rendered":"\n<section class=\"wp-block-uagb-section uagb-section__wrap uagb-section__background-image uagb-block-6e3fd06b\"><div class=\"uagb-section__overlay\"><\/div><div class=\"uagb-section__inner-wrap\">\n<div class=\"wp-block-uagb-info-box uagb-infobox__outer-wrap uagb-block-9d8b3c12\"><div class=\"uagb-infobox__content-wrap uagb-infobox uagb-infobox-has-icon uagb-infobox-icon-above-title uagb-infobox-image-valign-top uagb-infobox-enable-border-radius \"><div class=\"uagb-ifb-left-right-wrap\"><div class=\"uagb-ifb-content\"><div class=\"uagb-ifb-title-wrap\"><h1 class=\"uagb-ifb-title\">Not\u00edcias<\/h1><\/div><div class=\"uagb-ifb-separator-parent\"><div class=\"uagb-ifb-separator\"><\/div><\/div><div class=\"uagb-ifb-text-wrap\"><\/div><\/div><\/div><\/div><\/div>\n\n\n\n<div style=\"height:125px\" aria-hidden=\"true\" class=\"wp-block-spacer\"><\/div>\n\n\n\n<div class=\"wp-block-uagb-info-box uagb-infobox__outer-wrap uagb-block-db5556e7\"><div class=\"uagb-infobox__content-wrap uagb-infobox uagb-infobox-has-icon uagb-infobox-icon-below-title uagb-infobox-image-valign-top uagb-infobox-enable-border-radius \"><div class=\"uagb-ifb-left-right-wrap\"><div class=\"uagb-ifb-content\"><div class=\"uagb-ifb-title-wrap\"><\/div><div class=\"uagb-ifb-image-icon-content uagb-ifb-imgicon-wrap\"><div class=\"uagb-ifb-icon-wrap\"><span class=\"uagb-ifb-icon\"><svg xmlns=\"http:\/\/www.w3.org\/2000\/svg\" viewbox=\"0 0 448 512\"><path d=\"M413.1 222.5l22.2 22.2c9.4 9.4 9.4 24.6 0 33.9L241 473c-9.4 9.4-24.6 9.4-33.9 0L12.7 278.6c-9.4-9.4-9.4-24.6 0-33.9l22.2-22.2c9.5-9.5 25-9.3 34.3.4L184 343.4V56c0-13.3 10.7-24 24-24h32c13.3 0 24 10.7 24 24v287.4l114.8-120.5c9.3-9.8 24.8-10 34.3-.4z\"><\/path><\/svg><\/span><\/div><\/div><div class=\"uagb-ifb-text-wrap\"><\/div><\/div><\/div><\/div><\/div>\n<\/div><\/section>\n\n\n\n<div style=\"height:80px\" aria-hidden=\"true\" class=\"wp-block-spacer\"><\/div>\n\n\n\n<section class=\"wp-block-uagb-section uagb-section__wrap uagb-section__background-undefined uagb-block-14d040a1\"><div class=\"uagb-section__overlay\"><\/div><div class=\"uagb-section__inner-wrap\">\n\t\t\t<div class=\"uagb-post-grid  uagb-post__image-position-background uagb-block-1f4aac3e   \" data-total=\"1\">\n\n\t\t\t\t<div class=\"uagb-post__items uagb-post__columns-2 is-grid uagb-post__columns-tablet-2 uagb-post__columns-mobile-1 uagb-post__equal-height\">\n\n\t\t\t\t\t\t\t\t<article >\n\t\t\t\t\t\t\t\t\t\t<div class=\"uagb-post__inner-wrap\">\n\t\t\t\t\t\t\t\t\t<a class=\"uagb-post__link-complete-box\" href=\"https:\/\/restaurante.codewalker.com.br\/index.php\/04\/gastronomia-italiana\/362\/noticias\/\" target=\"_self\" rel=\"bookmark noopener noreferrer\"><\/a>\n\t\t\t\t\t\t\t\t\t\t\t\t<div class='uagb-post__image'>\n\t\t\t\t<a href=\"https:\/\/restaurante.codewalker.com.br\/index.php\/04\/gastronomia-italiana\/362\/noticias\/\" target=\"_self\" rel=\"bookmark noopener noreferrer\"><img width=\"300\" height=\"200\" src=\"https:\/\/restaurante.codewalker.com.br\/wp-content\/uploads\/2022\/04\/noodles-4851996_640-300x200.jpg\" class=\"attachment-medium size-medium\" alt=\"\" loading=\"lazy\" srcset=\"https:\/\/restaurante.codewalker.com.br\/wp-content\/uploads\/2022\/04\/noodles-4851996_640-300x200.jpg 300w, https:\/\/restaurante.codewalker.com.br\/wp-content\/uploads\/2022\/04\/noodles-4851996_640.jpg 640w\" sizes=\"(max-width: 300px) 100vw, 300px\" \/>\t\t\t\t<\/a>\n\t\t\t<\/div>\n\t\t\t\t\t\t<div class='uagb-post__text'> \n\t\t\t\t<h3 class=\"uagb-post__title\">\n\t\t\t\t\t<a href=\"https:\/\/restaurante.codewalker.com.br\/index.php\/04\/gastronomia-italiana\/362\/noticias\/\" target=\"_self\" rel=\"bookmark noopener noreferrer\">Gastronomia Italiana<\/a>\n\t\t\t\t<\/h3>\n\t\t\t<\/div>\n\t\t\t\t\t\t<div class='uagb-post__text'> \n\t\t\t<div class=\"uagb-post-grid-byline\">\n\t\t\t\t\t\t\t\t<time datetime=\"2022-04-24T19:21:46-03:00\" class=\"uagb-post__date\">\n\t\t\t\t\t<span class=\"dashicons-calendar dashicons\"><\/span>\n\t\t\t\t\t24 de abril de 2022\t\t\t\t<\/time>\n\t\t\t\t\t\t<span class=\"uagb-post__taxonomy\">\n\t\t\t\t<span class=\"dashicons-tag dashicons\"><\/span>\n\t\t\t\t<a href=\"https:\/\/restaurante.codewalker.com.br\/index.php\/category\/noticias\/\">Not\u00edcias<\/a>\t\t\t<\/span>\n\t\t\t\t\t\t<\/div>\n\t\t\t<\/div>\n\t\t\t\t\t\t\t<div class='uagb-post__text'> \n\t\t\t\t\t<div class=\"uagb-post__excerpt\">\n\t\t\t\t\t\tDentre os principais patrim\u00f4nios que caracterizam a It\u00e1lia, al\u00e9m de suas belezas paisag\u00edsticas e de sua arte, est\u00e1 a gastronomia. A cozinha italiana \u00e9 talvez uma das mais ricas do mundo, principalmente no que diz respeito aos ingredientes caracter\u00edsticos da \u2026\t\t\t\t\t<\/div>\n\t\t\t<\/div>\n\t\t\t\t\t\t\t\t<\/div>\n\t\t\t\t\t\t\t\t\t<\/article>\n\t\t\t\t\t\t\t\t<article >\n\t\t\t\t\t\t\t\t\t\t<div class=\"uagb-post__inner-wrap\">\n\t\t\t\t\t\t\t\t\t<a class=\"uagb-post__link-complete-box\" href=\"https:\/\/restaurante.codewalker.com.br\/index.php\/04\/cardapio-fitness-de-uma-semana\/358\/receitas\/\" target=\"_self\" rel=\"bookmark noopener noreferrer\"><\/a>\n\t\t\t\t\t\t\t\t\t\t\t\t<div class='uagb-post__image'>\n\t\t\t\t<a href=\"https:\/\/restaurante.codewalker.com.br\/index.php\/04\/cardapio-fitness-de-uma-semana\/358\/receitas\/\" target=\"_self\" rel=\"bookmark noopener noreferrer\"><img width=\"300\" height=\"226\" src=\"https:\/\/restaurante.codewalker.com.br\/wp-content\/uploads\/2022\/04\/restaurante01-300x226.jpg\" class=\"attachment-medium size-medium\" alt=\"\" loading=\"lazy\" srcset=\"https:\/\/restaurante.codewalker.com.br\/wp-content\/uploads\/2022\/04\/restaurante01-300x226.jpg 300w, https:\/\/restaurante.codewalker.com.br\/wp-content\/uploads\/2022\/04\/restaurante01-768x578.jpg 768w, https:\/\/restaurante.codewalker.com.br\/wp-content\/uploads\/2022\/04\/restaurante01.jpg 996w\" sizes=\"(max-width: 300px) 100vw, 300px\" \/>\t\t\t\t<\/a>\n\t\t\t<\/div>\n\t\t\t\t\t\t<div class='uagb-post__text'> \n\t\t\t\t<h3 class=\"uagb-post__title\">\n\t\t\t\t\t<a href=\"https:\/\/restaurante.codewalker.com.br\/index.php\/04\/cardapio-fitness-de-uma-semana\/358\/receitas\/\" target=\"_self\" rel=\"bookmark noopener noreferrer\">Dicas FITNESS<\/a>\n\t\t\t\t<\/h3>\n\t\t\t<\/div>\n\t\t\t\t\t\t<div class='uagb-post__text'> \n\t\t\t<div class=\"uagb-post-grid-byline\">\n\t\t\t\t\t\t\t\t<time datetime=\"2022-04-24T19:17:46-03:00\" class=\"uagb-post__date\">\n\t\t\t\t\t<span class=\"dashicons-calendar dashicons\"><\/span>\n\t\t\t\t\t24 de abril de 2022\t\t\t\t<\/time>\n\t\t\t\t\t\t<span class=\"uagb-post__taxonomy\">\n\t\t\t\t<span class=\"dashicons-tag dashicons\"><\/span>\n\t\t\t\t<a href=\"https:\/\/restaurante.codewalker.com.br\/index.php\/category\/receitas\/\">Receitas<\/a>\t\t\t<\/span>\n\t\t\t\t\t\t<\/div>\n\t\t\t<\/div>\n\t\t\t\t\t\t\t<div class='uagb-post__text'> \n\t\t\t\t\t<div class=\"uagb-post__excerpt\">\n\t\t\t\t\t\tVoc\u00ea est\u00e1 procurando um\u00a0card\u00e1pio fitness de uma semana\u00a0que ajude a\u00a0emagrecer, mas n\u00e3o encontrou nada na internet?\r\n\r\nHoje estaremos apresentando uma sugest\u00e3o de\u00a0card\u00e1pio FIT de 7 dias, al\u00e9m de \u00f3timas dicas para\u00a0perder peso com sa\u00fade, ensinando como preparar algumas\u00a0receitas de sucos detox\u00a0e \u2026\t\t\t\t\t<\/div>\n\t\t\t<\/div>\n\t\t\t\t\t\t\t\t<\/div>\n\t\t\t\t\t\t\t\t\t<\/article>\n\t\t\t\t\t\t\t\t<article >\n\t\t\t\t\t\t\t\t\t\t<div class=\"uagb-post__inner-wrap\">\n\t\t\t\t\t\t\t\t\t<a class=\"uagb-post__link-complete-box\" href=\"https:\/\/restaurante.codewalker.com.br\/index.php\/04\/receita-de-spaghetti-a-italiana\/309\/receitas\/\" target=\"_self\" rel=\"bookmark noopener noreferrer\"><\/a>\n\t\t\t\t\t\t\t\t\t\t\t\t<div class='uagb-post__image'>\n\t\t\t\t<a href=\"https:\/\/restaurante.codewalker.com.br\/index.php\/04\/receita-de-spaghetti-a-italiana\/309\/receitas\/\" target=\"_self\" rel=\"bookmark noopener noreferrer\"><img width=\"300\" height=\"163\" src=\"https:\/\/restaurante.codewalker.com.br\/wp-content\/uploads\/2022\/04\/pasta-3547078_640-300x163.jpg\" class=\"attachment-medium size-medium\" alt=\"\" loading=\"lazy\" srcset=\"https:\/\/restaurante.codewalker.com.br\/wp-content\/uploads\/2022\/04\/pasta-3547078_640-300x163.jpg 300w, https:\/\/restaurante.codewalker.com.br\/wp-content\/uploads\/2022\/04\/pasta-3547078_640.jpg 640w\" sizes=\"(max-width: 300px) 100vw, 300px\" \/>\t\t\t\t<\/a>\n\t\t\t<\/div>\n\t\t\t\t\t\t<div class='uagb-post__text'> \n\t\t\t\t<h3 class=\"uagb-post__title\">\n\t\t\t\t\t<a href=\"https:\/\/restaurante.codewalker.com.br\/index.php\/04\/receita-de-spaghetti-a-italiana\/309\/receitas\/\" target=\"_self\" rel=\"bookmark noopener noreferrer\">Receita de Spaghetti \u00e0 Italiana<\/a>\n\t\t\t\t<\/h3>\n\t\t\t<\/div>\n\t\t\t\t\t\t<div class='uagb-post__text'> \n\t\t\t<div class=\"uagb-post-grid-byline\">\n\t\t\t\t\t\t\t\t<time datetime=\"2022-04-23T18:36:23-03:00\" class=\"uagb-post__date\">\n\t\t\t\t\t<span class=\"dashicons-calendar dashicons\"><\/span>\n\t\t\t\t\t23 de abril de 2022\t\t\t\t<\/time>\n\t\t\t\t\t\t<span class=\"uagb-post__taxonomy\">\n\t\t\t\t<span class=\"dashicons-tag dashicons\"><\/span>\n\t\t\t\t<a href=\"https:\/\/restaurante.codewalker.com.br\/index.php\/category\/receitas\/\">Receitas<\/a>\t\t\t<\/span>\n\t\t\t\t\t\t<\/div>\n\t\t\t<\/div>\n\t\t\t\t\t\t\t<div class='uagb-post__text'> \n\t\t\t\t\t<div class=\"uagb-post__excerpt\">\n\t\t\t\t\t\tINGREDIENTES\r\n\r\n\r\n\r\n\r\n1 pacote de 500 g de espaguete barilla n\u00ba 3\r\n1 bandeja de tomate cereja\r\n1 cabe\u00e7a de alho inteira\r\nazeite de oliva de qualidade (o suficiente para cobrir o fundo da frigideira)\r\nazeitonas picadas (opcional)\r\nsal e pimenta-do-reino a gosto\r\n1 ma\u00e7o de manjeric\u00e3o fresco\r\n1 \u2026\t\t\t\t\t<\/div>\n\t\t\t<\/div>\n\t\t\t\t\t\t\t\t<\/div>\n\t\t\t\t\t\t\t\t\t<\/article>\n\t\t\t\t\t\t\t\t<article >\n\t\t\t\t\t\t\t\t\t\t<div class=\"uagb-post__inner-wrap\">\n\t\t\t\t\t\t\t\t\t<a class=\"uagb-post__link-complete-box\" href=\"https:\/\/restaurante.codewalker.com.br\/index.php\/04\/noite-musical\/343\/noticias\/\" target=\"_self\" rel=\"bookmark noopener noreferrer\"><\/a>\n\t\t\t\t\t\t\t\t\t\t\t\t<div class='uagb-post__image'>\n\t\t\t\t<a href=\"https:\/\/restaurante.codewalker.com.br\/index.php\/04\/noite-musical\/343\/noticias\/\" target=\"_self\" rel=\"bookmark noopener noreferrer\"><img width=\"300\" height=\"200\" src=\"https:\/\/restaurante.codewalker.com.br\/wp-content\/uploads\/2022\/04\/band-6568045_640-300x200.jpg\" class=\"attachment-medium size-medium\" alt=\"\" loading=\"lazy\" srcset=\"https:\/\/restaurante.codewalker.com.br\/wp-content\/uploads\/2022\/04\/band-6568045_640-300x200.jpg 300w, https:\/\/restaurante.codewalker.com.br\/wp-content\/uploads\/2022\/04\/band-6568045_640.jpg 640w\" sizes=\"(max-width: 300px) 100vw, 300px\" \/>\t\t\t\t<\/a>\n\t\t\t<\/div>\n\t\t\t\t\t\t<div class='uagb-post__text'> \n\t\t\t\t<h3 class=\"uagb-post__title\">\n\t\t\t\t\t<a href=\"https:\/\/restaurante.codewalker.com.br\/index.php\/04\/noite-musical\/343\/noticias\/\" target=\"_self\" rel=\"bookmark noopener noreferrer\">Noite Musical<\/a>\n\t\t\t\t<\/h3>\n\t\t\t<\/div>\n\t\t\t\t\t\t<div class='uagb-post__text'> \n\t\t\t<div class=\"uagb-post-grid-byline\">\n\t\t\t\t\t\t\t\t<time datetime=\"2022-04-23T19:14:38-03:00\" class=\"uagb-post__date\">\n\t\t\t\t\t<span class=\"dashicons-calendar dashicons\"><\/span>\n\t\t\t\t\t23 de abril de 2022\t\t\t\t<\/time>\n\t\t\t\t\t\t<span class=\"uagb-post__taxonomy\">\n\t\t\t\t<span class=\"dashicons-tag dashicons\"><\/span>\n\t\t\t\t<a href=\"https:\/\/restaurante.codewalker.com.br\/index.php\/category\/noticias\/eventos\/\">Eventos<\/a>, <a href=\"https:\/\/restaurante.codewalker.com.br\/index.php\/category\/noticias\/\">Not\u00edcias<\/a>\t\t\t<\/span>\n\t\t\t\t\t\t<\/div>\n\t\t\t<\/div>\n\t\t\t\t\t\t\t<div class='uagb-post__text'> \n\t\t\t\t\t<div class=\"uagb-post__excerpt\">\n\t\t\t\t\t\tNoite musical beneficente \u00e9 um evento idealizado pela casa esp\u00edrita Seara, localizada no bairro de Jacintinho, Macei\u00f3, onde s\u00e3o desenvolvidos acolhimento e assist\u00eancia espiritual e material de seus atendidos (moradores do bairro e adjac\u00eancias).\r\nPara a realiza\u00e7\u00e3o desta grande apresenta\u00e7\u00e3o musical \u2026\t\t\t\t\t<\/div>\n\t\t\t<\/div>\n\t\t\t\t\t\t\t\t<\/div>\n\t\t\t\t\t\t\t\t\t<\/article>\n\t\t\t\t\t\t\t\t<\/div>\n\t\t\t\t\t\t\t\t\t<div class=\"uagb-post-pagination-wrap\">\n\t\t\t\t\t\t\t\t\t\t\t<\/div>\n\t\t\t\t\t\t\t\t<\/div>\n\t\t\t<\/div><\/section>\n","protected":false},"excerpt":{"rendered":"","protected":false},"author":1,"featured_media":0,"parent":0,"menu_order":0,"comment_status":"closed","ping_status":"closed","template":"","meta":{"site-sidebar-layout":"default","site-content-layout":"page-builder","ast-main-header-display":"","ast-hfb-above-header-display":"","ast-hfb-below-header-display":"","ast-hfb-mobile-header-display":"","site-post-title":"disabled","ast-breadcrumbs-content":"","ast-featured-img":"","footer-sml-layout":"","theme-transparent-header-meta":"default","adv-header-id-meta":"","stick-header-meta":"","header-above-stick-meta":"","header-main-stick-meta":"","header-below-stick-meta":""},"uagb_featured_image_src":{"full":false,"thumbnail":false,"medium":false,"medium_large":false,"large":false,"1536x1536":false,"2048x2048":false},"uagb_author_info":{"display_name":"andrecopelli","author_link":"https:\/\/restaurante.codewalker.com.br\/index.php\/author\/andrecopelli\/"},"uagb_comment_info":0,"uagb_excerpt":null,"_links":{"self":[{"href":"https:\/\/restaurante.codewalker.com.br\/index.php\/wp-json\/wp\/v2\/pages\/14"}],"collection":[{"href":"https:\/\/restaurante.codewalker.com.br\/index.php\/wp-json\/wp\/v2\/pages"}],"about":[{"href":"https:\/\/restaurante.codewalker.com.br\/index.php\/wp-json\/wp\/v2\/types\/page"}],"author":[{"embeddable":true,"href":"https:\/\/restaurante.codewalker.com.br\/index.php\/wp-json\/wp\/v2\/users\/1"}],"replies":[{"embeddable":true,"href":"https:\/\/restaurante.codewalker.com.br\/index.php\/wp-json\/wp\/v2\/comments?post=14"}],"version-history":[{"count":30,"href":"https:\/\/restaurante.codewalker.com.br\/index.php\/wp-json\/wp\/v2\/pages\/14\/revisions"}],"predecessor-version":[{"id":493,"href":"https:\/\/restaurante.codewalker.com.br\/index.php\/wp-json\/wp\/v2\/pages\/14\/revisions\/493"}],"wp:attachment":[{"href":"https:\/\/restaurante.codewalker.com.br\/index.php\/wp-json\/wp\/v2\/media?parent=14"}],"curies":[{"name":"wp","href":"https:\/\/api.w.org\/{rel}","templated":true}]}}